{"id":739,"date":"2021-07-13T17:45:48","date_gmt":"2021-07-13T17:45:48","guid":{"rendered":"https:\/\/ajudaki.net.br\/recsegg\/?page_id=739"},"modified":"2021-07-13T21:50:38","modified_gmt":"2021-07-13T21:50:38","slug":"condominio-e-lojas","status":"publish","type":"page","link":"https:\/\/recseg.com\/?page_id=739","title":{"rendered":"Condom\u00ednio e Lojas"},"content":{"rendered":"\t\t<div data-elementor-type=\"wp-page\" data-elementor-id=\"739\" class=\"elementor elementor-739\">\n\t\t\t\t\t\t\t\t\t<section class=\"elementor-section elementor-top-section elementor-element elementor-element-4334b1b5 elementor-section-height-min-height elementor-section-content-top elementor-section-boxed elementor-section-height-default elementor-section-items-middle\" data-id=\"4334b1b5\" data-element_type=\"section\" data-settings=\"{&quot;background_background&quot;:&quot;classic&quot;,&quot;shape_divider_bottom&quot;:&quot;tilt&quot;,&quot;_ha_eqh_enable&quot;:false}\">\n\t\t\t\t\t\t\t<div class=\"elementor-background-overlay\"><\/div>\n\t\t\t\t\t\t<div class=\"elementor-shape elementor-shape-bottom\" data-negative=\"false\">\n\t\t\t<svg xmlns=\"http:\/\/www.w3.org\/2000\/svg\" viewBox=\"0 0 1000 100\" preserveAspectRatio=\"none\">\n\t<path class=\"elementor-shape-fill\" d=\"M0,6V0h1000v100L0,6z\"\/>\n<\/svg>\t\t<\/div>\n\t\t\t\t\t<div class=\"elementor-container elementor-column-gap-default\">\n\t\t\t\t\t<div class=\"elementor-column elementor-col-100 elementor-top-column elementor-element elementor-element-4b5f80e2\" data-id=\"4b5f80e2\" data-element_type=\"column\">\n\t\t\t<div class=\"elementor-widget-wrap\">\n\t\t\t\t\t\t\t\t\t<\/div>\n\t\t<\/div>\n\t\t\t\t\t\t\t<\/div>\n\t\t<\/section>\n\t\t\t\t<section class=\"elementor-section elementor-top-section elementor-element elementor-element-7954c1c9 elementor-section-boxed elementor-section-height-default elementor-section-height-default\" data-id=\"7954c1c9\" data-element_type=\"section\" data-settings=\"{&quot;_ha_eqh_enable&quot;:false}\">\n\t\t\t\t\t\t<div class=\"elementor-container elementor-column-gap-default\">\n\t\t\t\t\t<div class=\"elementor-column elementor-col-100 elementor-top-column elementor-element elementor-element-6e7ec245\" data-id=\"6e7ec245\" data-element_type=\"column\" data-settings=\"{&quot;background_background&quot;:&quot;classic&quot;}\">\n\t\t\t<div class=\"elementor-widget-wrap elementor-element-populated\">\n\t\t\t\t\t\t\t\t<div class=\"elementor-element elementor-element-54d2f9f8 elementor-widget elementor-widget-theme-post-title elementor-page-title elementor-widget-heading\" data-id=\"54d2f9f8\" data-element_type=\"widget\" data-widget_type=\"theme-post-title.default\">\n\t\t\t\t<div class=\"elementor-widget-container\">\n\t\t\t<h1 class=\"elementor-heading-title elementor-size-default\">Condom\u00ednio e Lojas<\/h1>\t\t<\/div>\n\t\t\t\t<\/div>\n\t\t\t\t<div class=\"elementor-element elementor-element-13282a3 elementor-widget-divider--view-line elementor-widget elementor-widget-divider\" data-id=\"13282a3\" data-element_type=\"widget\" data-widget_type=\"divider.default\">\n\t\t\t\t<div class=\"elementor-widget-container\">\n\t\t\t\t\t<div class=\"elementor-divider\">\n\t\t\t<span class=\"elementor-divider-separator\">\n\t\t\t\t\t\t<\/span>\n\t\t<\/div>\n\t\t\t\t<\/div>\n\t\t\t\t<\/div>\n\t\t\t\t<section class=\"elementor-section elementor-inner-section elementor-element elementor-element-3076679 elementor-section-boxed elementor-section-height-default elementor-section-height-default\" data-id=\"3076679\" data-element_type=\"section\" data-settings=\"{&quot;_ha_eqh_enable&quot;:false}\">\n\t\t\t\t\t\t<div class=\"elementor-container elementor-column-gap-default\">\n\t\t\t\t\t<div class=\"elementor-column elementor-col-50 elementor-inner-column elementor-element elementor-element-0a83483\" data-id=\"0a83483\" data-element_type=\"column\">\n\t\t\t<div class=\"elementor-widget-wrap elementor-element-populated\">\n\t\t\t\t\t\t\t\t<div class=\"elementor-element elementor-element-9e5149d elementor-widget elementor-widget-image\" data-id=\"9e5149d\" data-element_type=\"widget\" data-widget_type=\"image.default\">\n\t\t\t\t<div class=\"elementor-widget-container\">\n\t\t\t\t\t\t\t\t\t\t\t\t\t\t\t<img decoding=\"async\" width=\"653\" height=\"667\" src=\"https:\/\/recseg.com\/wp-content\/uploads\/2021\/07\/seg.jpg\" class=\"attachment-large size-large\" alt=\"\" srcset=\"https:\/\/recseg.com\/wp-content\/uploads\/2021\/07\/seg.jpg 653w, https:\/\/recseg.com\/wp-content\/uploads\/2021\/07\/seg-294x300.jpg 294w\" sizes=\"(max-width: 653px) 100vw, 653px\" style=\"width:100%;height:102.14%;max-width:653px\" \/>\t\t\t\t\t\t\t\t\t\t\t\t\t\t\t<\/div>\n\t\t\t\t<\/div>\n\t\t\t\t\t<\/div>\n\t\t<\/div>\n\t\t\t\t<div class=\"elementor-column elementor-col-50 elementor-inner-column elementor-element elementor-element-245fe23\" data-id=\"245fe23\" data-element_type=\"column\">\n\t\t\t<div class=\"elementor-widget-wrap elementor-element-populated\">\n\t\t\t\t\t\t\t\t<div class=\"elementor-element elementor-element-6d0bad9 elementor-widget elementor-widget-text-editor\" data-id=\"6d0bad9\" data-element_type=\"widget\" data-widget_type=\"text-editor.default\">\n\t\t\t\t<div class=\"elementor-widget-container\">\n\t\t\t\t\t\t\tTotalmente voltada para garantir a prote\u00e7\u00e3o f\u00edsica de us\u00faarios no per\u00edmetro delimitado pelo contratante interna e\/ou extrenamente.<br><br>\n\nCom um sistema integrado proporciona maior sensa\u00e7\u00e3o e condi\u00e7\u00e3o de seguridade pelo uso de in\u00fameras tecnologias dispon\u00edveis no mercado considerando a arquitetura do local.<br><br>\n\nQuanto maiores forem os procedimentos aplicados, a motiva\u00e7\u00e3o criminosa e possibilidade de invas\u00e3o se tornam obst\u00e1culos para uma a\u00e7\u00e3o positiva.<br><br>\n\nPor isso \u00e9 impressind\u00edvel que sua loja ou condom\u00ednio seja protegido a fim de desmotivar potenciais ataques e manter intacta as vidas de moradores ou clientes.\u00a0N\u00e3o hesite na hora de escolher o melhor. Seguran\u00e7a \u00e9 coisa s\u00e9ria.\t\t\t\t\t\t<\/div>\n\t\t\t\t<\/div>\n\t\t\t\t\t<\/div>\n\t\t<\/div>\n\t\t\t\t\t\t\t<\/div>\n\t\t<\/section>\n\t\t\t\t\t<\/div>\n\t\t<\/div>\n\t\t\t\t\t\t\t<\/div>\n\t\t<\/section>\n\t\t\t\t\t\t\t<\/div>\n\t\t","protected":false},"excerpt":{"rendered":"<p>Totalmente voltada para garantir a prote\u00e7\u00e3o f\u00edsica de us\u00faarios no per\u00edmetro delimitado pelo contratante interna e\/ou extrenamente. Com um sistema integrado proporciona maior sensa\u00e7\u00e3o e condi\u00e7\u00e3o de seguridade pelo uso de in\u00fameras tecnologias dispon\u00edveis no mercado considerando a arquitetura do local. Quanto maiores forem os procedimentos aplicados, a motiva\u00e7\u00e3o criminosa e possibilidade de invas\u00e3o se&hellip; <a class=\"more-link\" href=\"https:\/\/recseg.com\/?page_id=739\">Continue a ler <span class=\"screen-reader-text\">Condom\u00ednio e Lojas<\/span><\/a><\/p>\n","protected":false},"author":1,"featured_media":0,"parent":0,"menu_order":0,"comment_status":"closed","ping_status":"closed","template":"elementor_header_footer","meta":{"footnotes":""},"class_list":["post-739","page","type-page","status-publish","hentry","entry"],"_links":{"self":[{"href":"https:\/\/recseg.com\/index.php?rest_route=\/wp\/v2\/pages\/739","targetHints":{"allow":["GET"]}}],"collection":[{"href":"https:\/\/recseg.com\/index.php?rest_route=\/wp\/v2\/pages"}],"about":[{"href":"https:\/\/recseg.com\/index.php?rest_route=\/wp\/v2\/types\/page"}],"author":[{"embeddable":true,"href":"https:\/\/recseg.com\/index.php?rest_route=\/wp\/v2\/users\/1"}],"replies":[{"embeddable":true,"href":"https:\/\/recseg.com\/index.php?rest_route=%2Fwp%2Fv2%2Fcomments&post=739"}],"version-history":[{"count":47,"href":"https:\/\/recseg.com\/index.php?rest_route=\/wp\/v2\/pages\/739\/revisions"}],"predecessor-version":[{"id":970,"href":"https:\/\/recseg.com\/index.php?rest_route=\/wp\/v2\/pages\/739\/revisions\/970"}],"wp:attachment":[{"href":"https:\/\/recseg.com\/index.php?rest_route=%2Fwp%2Fv2%2Fmedia&parent=739"}],"curies":[{"name":"wp","href":"https:\/\/api.w.org\/{rel}","templated":true}]}}