{"id":840,"date":"2021-07-13T19:47:10","date_gmt":"2021-07-13T19:47:10","guid":{"rendered":"https:\/\/ajudaki.net.br\/recsegg\/?page_id=840"},"modified":"2021-09-30T18:50:16","modified_gmt":"2021-09-30T18:50:16","slug":"produtos-e-servicos","status":"publish","type":"page","link":"https:\/\/recseg.com\/?page_id=840","title":{"rendered":"Produtos e Servi\u00e7os"},"content":{"rendered":"\t\t<div data-elementor-type=\"wp-page\" data-elementor-id=\"840\" class=\"elementor elementor-840\">\n\t\t\t\t\t\t\t\t\t<section class=\"elementor-section elementor-top-section elementor-element elementor-element-280432a4 elementor-section-height-min-height elementor-section-content-top elementor-section-boxed elementor-section-height-default elementor-section-items-middle\" data-id=\"280432a4\" data-element_type=\"section\" data-settings=\"{&quot;background_background&quot;:&quot;classic&quot;,&quot;shape_divider_bottom&quot;:&quot;tilt&quot;,&quot;_ha_eqh_enable&quot;:false}\">\n\t\t\t\t\t\t\t<div class=\"elementor-background-overlay\"><\/div>\n\t\t\t\t\t\t<div class=\"elementor-shape elementor-shape-bottom\" data-negative=\"false\">\n\t\t\t<svg xmlns=\"http:\/\/www.w3.org\/2000\/svg\" viewBox=\"0 0 1000 100\" preserveAspectRatio=\"none\">\n\t<path class=\"elementor-shape-fill\" d=\"M0,6V0h1000v100L0,6z\"\/>\n<\/svg>\t\t<\/div>\n\t\t\t\t\t<div class=\"elementor-container elementor-column-gap-default\">\n\t\t\t\t\t<div class=\"elementor-column elementor-col-100 elementor-top-column elementor-element elementor-element-3e269f70\" data-id=\"3e269f70\" data-element_type=\"column\">\n\t\t\t<div class=\"elementor-widget-wrap\">\n\t\t\t\t\t\t\t\t\t<\/div>\n\t\t<\/div>\n\t\t\t\t\t\t\t<\/div>\n\t\t<\/section>\n\t\t\t\t<section class=\"elementor-section elementor-top-section elementor-element elementor-element-660acb58 elementor-section-boxed elementor-section-height-default elementor-section-height-default\" data-id=\"660acb58\" data-element_type=\"section\" data-settings=\"{&quot;_ha_eqh_enable&quot;:false}\">\n\t\t\t\t\t\t<div class=\"elementor-container elementor-column-gap-default\">\n\t\t\t\t\t<div class=\"elementor-column elementor-col-100 elementor-top-column elementor-element elementor-element-3bb5ec09\" data-id=\"3bb5ec09\" data-element_type=\"column\" data-settings=\"{&quot;background_background&quot;:&quot;classic&quot;}\">\n\t\t\t<div class=\"elementor-widget-wrap elementor-element-populated\">\n\t\t\t\t\t\t\t\t<div class=\"elementor-element elementor-element-260d7925 elementor-widget elementor-widget-theme-post-title elementor-page-title elementor-widget-heading\" data-id=\"260d7925\" data-element_type=\"widget\" data-widget_type=\"theme-post-title.default\">\n\t\t\t\t<div class=\"elementor-widget-container\">\n\t\t\t<h1 class=\"elementor-heading-title elementor-size-default\">Produtos e Servi\u00e7os<\/h1>\t\t<\/div>\n\t\t\t\t<\/div>\n\t\t\t\t<div class=\"elementor-element elementor-element-43ef0a5 elementor-widget-divider--view-line elementor-widget elementor-widget-divider\" data-id=\"43ef0a5\" data-element_type=\"widget\" data-widget_type=\"divider.default\">\n\t\t\t\t<div class=\"elementor-widget-container\">\n\t\t\t\t\t<div class=\"elementor-divider\">\n\t\t\t<span class=\"elementor-divider-separator\">\n\t\t\t\t\t\t<\/span>\n\t\t<\/div>\n\t\t\t\t<\/div>\n\t\t\t\t<\/div>\n\t\t\t\t<div class=\"elementor-element elementor-element-4119cd3e elementor-widget-divider--view-line elementor-widget elementor-widget-divider\" data-id=\"4119cd3e\" data-element_type=\"widget\" data-widget_type=\"divider.default\">\n\t\t\t\t<div class=\"elementor-widget-container\">\n\t\t\t\t\t<div class=\"elementor-divider\">\n\t\t\t<span class=\"elementor-divider-separator\">\n\t\t\t\t\t\t<\/span>\n\t\t<\/div>\n\t\t\t\t<\/div>\n\t\t\t\t<\/div>\n\t\t\t\t\t<\/div>\n\t\t<\/div>\n\t\t\t\t\t\t\t<\/div>\n\t\t<\/section>\n\t\t\t\t<section class=\"elementor-section elementor-top-section elementor-element elementor-element-254997a5 elementor-section-boxed elementor-section-height-default elementor-section-height-default\" data-id=\"254997a5\" data-element_type=\"section\" data-settings=\"{&quot;background_background&quot;:&quot;classic&quot;,&quot;_ha_eqh_enable&quot;:false}\">\n\t\t\t\t\t\t<div class=\"elementor-container elementor-column-gap-no\">\n\t\t\t\t\t<div class=\"elementor-column elementor-col-100 elementor-top-column elementor-element elementor-element-9ab9252\" data-id=\"9ab9252\" data-element_type=\"column\">\n\t\t\t<div class=\"elementor-widget-wrap elementor-element-populated\">\n\t\t\t\t\t\t\t\t<div class=\"elementor-element elementor-element-a65fe8f elementor-widget elementor-widget-text-editor\" data-id=\"a65fe8f\" data-element_type=\"widget\" data-widget_type=\"text-editor.default\">\n\t\t\t\t<div class=\"elementor-widget-container\">\n\t\t\t\t\t\t\t<p>Para dar qualidade no atendimento e o perfeito funcionamento dos sistemas de seguran\u00e7a, usamos o que h\u00e1 de melhor no mercado. S\u00e3o v\u00e1rias marcas e modelos dispon\u00edveis para atender a todo o tipo de demanda, seja para aquisi\u00e7\u00e3o ou loca\u00e7\u00e3o, entre c\u00e2meras IP, Controle de Acesso, Sistema de Interfones e etc. Al\u00e9m disso, oferecemos tudo isso a pre\u00e7os competitivos.<\/p>\t\t\t\t\t\t<\/div>\n\t\t\t\t<\/div>\n\t\t\t\t<section class=\"elementor-section elementor-inner-section elementor-element elementor-element-4ca9e5e3 elementor-section-boxed elementor-section-height-default elementor-section-height-default\" data-id=\"4ca9e5e3\" data-element_type=\"section\" data-settings=\"{&quot;_ha_eqh_enable&quot;:false}\">\n\t\t\t\t\t\t<div class=\"elementor-container elementor-column-gap-no\">\n\t\t\t\t\t<div class=\"elementor-column elementor-col-33 elementor-inner-column elementor-element elementor-element-3d909b33\" data-id=\"3d909b33\" data-element_type=\"column\" data-settings=\"{&quot;background_background&quot;:&quot;classic&quot;}\">\n\t\t\t<div class=\"elementor-widget-wrap elementor-element-populated\">\n\t\t\t\t\t\t\t\t<div class=\"elementor-element elementor-element-3cc4e9b elementor-position-top elementor-vertical-align-top elementor-widget elementor-widget-image-box\" data-id=\"3cc4e9b\" data-element_type=\"widget\" data-widget_type=\"image-box.default\">\n\t\t\t\t<div class=\"elementor-widget-container\">\n\t\t\t<div class=\"elementor-image-box-wrapper\"><figure class=\"elementor-image-box-img\"><img decoding=\"async\" width=\"506\" height=\"295\" src=\"https:\/\/recseg.com\/wp-content\/uploads\/2021\/07\/sistema-tag-veiculos-f5cn6m8v-1.jpg\" class=\"elementor-animation-pulse attachment-full size-full\" alt=\"\" style=\"width:100%;height:58.3%;max-width:506px\" \/><\/figure><div class=\"elementor-image-box-content\"><p class=\"elementor-image-box-description\">Funciona a partir da radiofrequ\u00eancia, que \u00e9 instalada no vidro da frente ou na carca\u00e7a da moto. Assim, a antena junto \u00e0 cancela ou port\u00e3o capta a frequ\u00eancia, permitindo ou restringindo o acesso, conforme os par\u00e2metros de permiss\u00e3o do usu\u00e1rio.<\/p><\/div><\/div>\t\t<\/div>\n\t\t\t\t<\/div>\n\t\t\t\t\t<\/div>\n\t\t<\/div>\n\t\t\t\t<div class=\"elementor-column elementor-col-33 elementor-inner-column elementor-element elementor-element-5ac5000\" data-id=\"5ac5000\" data-element_type=\"column\" data-settings=\"{&quot;background_background&quot;:&quot;classic&quot;}\">\n\t\t\t<div class=\"elementor-widget-wrap elementor-element-populated\">\n\t\t\t\t\t\t\t\t<div class=\"elementor-element elementor-element-9394cf7 elementor-position-top elementor-vertical-align-top elementor-widget elementor-widget-image-box\" data-id=\"9394cf7\" data-element_type=\"widget\" data-widget_type=\"image-box.default\">\n\t\t\t\t<div class=\"elementor-widget-container\">\n\t\t\t<div class=\"elementor-image-box-wrapper\"><figure class=\"elementor-image-box-img\"><img decoding=\"async\" width=\"506\" height=\"295\" src=\"https:\/\/recseg.com\/wp-content\/uploads\/2021\/07\/onlytel-destaque-cftv_ip_sucesso-1.jpg\" class=\"elementor-animation-pulse attachment-full size-full\" alt=\"\" style=\"width:100%;height:58.3%;max-width:506px\" \/><\/figure><div class=\"elementor-image-box-content\"><p class=\"elementor-image-box-description\">Sistema de gerenciamento interno que utiliza um conjunto de c\u00e2meras com tecnologia IP (que usa a rede de internet para transmitir dados) estrategicamente implantadas em um local e conectadas a um gerenciador de imagens.<\/p><\/div><\/div>\t\t<\/div>\n\t\t\t\t<\/div>\n\t\t\t\t\t<\/div>\n\t\t<\/div>\n\t\t\t\t<div class=\"elementor-column elementor-col-33 elementor-inner-column elementor-element elementor-element-ebdd7a9\" data-id=\"ebdd7a9\" data-element_type=\"column\" data-settings=\"{&quot;background_background&quot;:&quot;classic&quot;}\">\n\t\t\t<div class=\"elementor-widget-wrap elementor-element-populated\">\n\t\t\t\t\t\t\t\t<div class=\"elementor-element elementor-element-88d7cca elementor-position-top elementor-vertical-align-top elementor-widget elementor-widget-image-box\" data-id=\"88d7cca\" data-element_type=\"widget\" data-widget_type=\"image-box.default\">\n\t\t\t\t<div class=\"elementor-widget-container\">\n\t\t\t<div class=\"elementor-image-box-wrapper\"><figure class=\"elementor-image-box-img\"><img decoding=\"async\" width=\"506\" height=\"295\" src=\"https:\/\/recseg.com\/wp-content\/uploads\/2021\/07\/1556284567-1.jpg\" class=\"elementor-animation-pulse attachment-full size-full\" alt=\"\" style=\"width:100%;height:58.3%;max-width:506px\" \/><\/figure><div class=\"elementor-image-box-content\"><p class=\"elementor-image-box-description\">Solu\u00e7\u00e3o de reconhecimento autom\u00e1tico de placas de ve\u00edculos por meio de fotos\/imagens. Com um sistema de c\u00e2meras simples, a solu\u00e7\u00e3o permite identificar os ve\u00edculos que est\u00e3o ou n\u00e3o autorizados a adentrarem determinado local.<\/p><\/div><\/div>\t\t<\/div>\n\t\t\t\t<\/div>\n\t\t\t\t\t<\/div>\n\t\t<\/div>\n\t\t\t\t\t\t\t<\/div>\n\t\t<\/section>\n\t\t\t\t<section class=\"elementor-section elementor-inner-section elementor-element elementor-element-2bf975a elementor-section-boxed elementor-section-height-default elementor-section-height-default\" data-id=\"2bf975a\" data-element_type=\"section\" data-settings=\"{&quot;_ha_eqh_enable&quot;:false}\">\n\t\t\t\t\t\t<div class=\"elementor-container elementor-column-gap-no\">\n\t\t\t\t\t<div class=\"elementor-column elementor-col-33 elementor-inner-column elementor-element elementor-element-3f94b21\" data-id=\"3f94b21\" data-element_type=\"column\" data-settings=\"{&quot;background_background&quot;:&quot;classic&quot;}\">\n\t\t\t<div class=\"elementor-widget-wrap elementor-element-populated\">\n\t\t\t\t\t\t\t\t<div class=\"elementor-element elementor-element-663290e elementor-position-top elementor-vertical-align-top elementor-widget elementor-widget-image-box\" data-id=\"663290e\" data-element_type=\"widget\" data-widget_type=\"image-box.default\">\n\t\t\t\t<div class=\"elementor-widget-container\">\n\t\t\t<div class=\"elementor-image-box-wrapper\"><figure class=\"elementor-image-box-img\"><img decoding=\"async\" width=\"506\" height=\"295\" src=\"https:\/\/recseg.com\/wp-content\/uploads\/2021\/07\/pic_servicos_06-2.jpg\" class=\"elementor-animation-pulse attachment-full size-full\" alt=\"\" style=\"width:100%;height:58.3%;max-width:506px\" \/><\/figure><div class=\"elementor-image-box-content\"><p class=\"elementor-image-box-description\">Tecnologias que t\u00eam como principal fun\u00e7\u00e3o o gerenciamento do acesso a determinados locais, especialmente em ambientes onde exista um fluxo elevado de pessoas, materiais e ve\u00edculos.<\/p><\/div><\/div>\t\t<\/div>\n\t\t\t\t<\/div>\n\t\t\t\t\t<\/div>\n\t\t<\/div>\n\t\t\t\t<div class=\"elementor-column elementor-col-33 elementor-inner-column elementor-element elementor-element-e834cf6\" data-id=\"e834cf6\" data-element_type=\"column\" data-settings=\"{&quot;background_background&quot;:&quot;classic&quot;}\">\n\t\t\t<div class=\"elementor-widget-wrap elementor-element-populated\">\n\t\t\t\t\t\t\t\t<div class=\"elementor-element elementor-element-e95bb2c elementor-position-top elementor-vertical-align-top elementor-widget elementor-widget-image-box\" data-id=\"e95bb2c\" data-element_type=\"widget\" data-widget_type=\"image-box.default\">\n\t\t\t\t<div class=\"elementor-widget-container\">\n\t\t\t<div class=\"elementor-image-box-wrapper\"><figure class=\"elementor-image-box-img\"><img decoding=\"async\" width=\"506\" height=\"295\" src=\"https:\/\/recseg.com\/wp-content\/uploads\/2021\/07\/portao-automatico-em-petropolis-rj-49051-1.jpg\" class=\"elementor-animation-pulse attachment-full size-full\" alt=\"\" style=\"width:100%;height:58.3%;max-width:506px\" \/><\/figure><div class=\"elementor-image-box-content\"><p class=\"elementor-image-box-description\">Com ele a pessoa pode abrir e fechar com um controle remoto, diminuindo assim, o tempo que este fica aberto.  A automatiza\u00e7\u00e3o de port\u00f5es \u00e9 um investimento com um \u00f3timo custo benef\u00edcio!<\/p><\/div><\/div>\t\t<\/div>\n\t\t\t\t<\/div>\n\t\t\t\t\t<\/div>\n\t\t<\/div>\n\t\t\t\t<div class=\"elementor-column elementor-col-33 elementor-inner-column elementor-element elementor-element-2712a84\" data-id=\"2712a84\" data-element_type=\"column\" data-settings=\"{&quot;background_background&quot;:&quot;classic&quot;}\">\n\t\t\t<div class=\"elementor-widget-wrap elementor-element-populated\">\n\t\t\t\t\t\t\t\t<div class=\"elementor-element elementor-element-f41dfc7 elementor-position-top elementor-vertical-align-top elementor-widget elementor-widget-image-box\" data-id=\"f41dfc7\" data-element_type=\"widget\" data-widget_type=\"image-box.default\">\n\t\t\t\t<div class=\"elementor-widget-container\">\n\t\t\t<div class=\"elementor-image-box-wrapper\"><figure class=\"elementor-image-box-img\"><img decoding=\"async\" width=\"506\" height=\"295\" src=\"https:\/\/recseg.com\/wp-content\/uploads\/2021\/07\/circuito-fechado-de-tv-1.jpg\" class=\"elementor-animation-pulse attachment-full size-full\" alt=\"\" style=\"width:100%;height:58.3%;max-width:506px\" \/><\/figure><div class=\"elementor-image-box-content\"><p class=\"elementor-image-box-description\">Sistema de capta\u00e7\u00e3o e reten\u00e7\u00e3o de imagens feita por c\u00e2meras digitais ou anal\u00f3gicas e que permite a v\u00eddeo-vigil\u00e2ncia atrav\u00e9s de monitores conectados \u00e0 uma rede central.<\/p><\/div><\/div>\t\t<\/div>\n\t\t\t\t<\/div>\n\t\t\t\t\t<\/div>\n\t\t<\/div>\n\t\t\t\t\t\t\t<\/div>\n\t\t<\/section>\n\t\t\t\t<section class=\"elementor-section elementor-inner-section elementor-element elementor-element-0dcaf38 elementor-section-boxed elementor-section-height-default elementor-section-height-default\" data-id=\"0dcaf38\" data-element_type=\"section\" data-settings=\"{&quot;_ha_eqh_enable&quot;:false}\">\n\t\t\t\t\t\t<div class=\"elementor-container elementor-column-gap-no\">\n\t\t\t\t\t<div class=\"elementor-column elementor-col-33 elementor-inner-column elementor-element elementor-element-d366036\" data-id=\"d366036\" data-element_type=\"column\" data-settings=\"{&quot;background_background&quot;:&quot;classic&quot;}\">\n\t\t\t<div class=\"elementor-widget-wrap elementor-element-populated\">\n\t\t\t\t\t\t\t\t<div class=\"elementor-element elementor-element-241ce1f elementor-position-top elementor-vertical-align-top elementor-widget elementor-widget-image-box\" data-id=\"241ce1f\" data-element_type=\"widget\" data-widget_type=\"image-box.default\">\n\t\t\t\t<div class=\"elementor-widget-container\">\n\t\t\t<div class=\"elementor-image-box-wrapper\"><figure class=\"elementor-image-box-img\"><img decoding=\"async\" width=\"506\" height=\"295\" src=\"https:\/\/recseg.com\/wp-content\/uploads\/2021\/09\/pic_servicos_07.jpg\" class=\"elementor-animation-pulse attachment-full size-full\" alt=\"\" style=\"width:100%;height:58.3%;max-width:506px\" \/><\/figure><div class=\"elementor-image-box-content\"><p class=\"elementor-image-box-description\">O\u00a0sistema de Interfonia\u00a0\u00e9 mais conhecido simplesmente pelo nome \u201cinterfone\u201d\u00a0 que \u00e9 um sistema de comunica\u00e7\u00e3o \u00a0interna usada para identificar o visitante composta basicamente de um painel externo, cabo de comunica\u00e7\u00e3o e aparelho interno.<\/p><\/div><\/div>\t\t<\/div>\n\t\t\t\t<\/div>\n\t\t\t\t\t<\/div>\n\t\t<\/div>\n\t\t\t\t<div class=\"elementor-column elementor-col-33 elementor-inner-column elementor-element elementor-element-9a9744d\" data-id=\"9a9744d\" data-element_type=\"column\" data-settings=\"{&quot;background_background&quot;:&quot;classic&quot;}\">\n\t\t\t<div class=\"elementor-widget-wrap elementor-element-populated\">\n\t\t\t\t\t\t\t\t<div class=\"elementor-element elementor-element-aac3a22 elementor-position-top elementor-vertical-align-top elementor-widget elementor-widget-image-box\" data-id=\"aac3a22\" data-element_type=\"widget\" data-widget_type=\"image-box.default\">\n\t\t\t\t<div class=\"elementor-widget-container\">\n\t\t\t<div class=\"elementor-image-box-wrapper\"><figure class=\"elementor-image-box-img\"><img decoding=\"async\" width=\"506\" height=\"295\" src=\"https:\/\/recseg.com\/wp-content\/uploads\/2021\/07\/pic_servicos_05-2.jpg\" class=\"elementor-animation-pulse attachment-full size-full\" alt=\"\" style=\"width:100%;height:58.3%;max-width:506px\" \/><\/figure><div class=\"elementor-image-box-content\"><p class=\"elementor-image-box-description\">Alarmes s\u00e3o um conjunto de equipamentos eletroeletr\u00f4nicos que tem por finalidade informar a viola\u00e7\u00e3o do per\u00edmetro ou local protegido, atrav\u00e9s de sinal sonoro visual. Fechadura el\u00e9trica \u00e9 um dispositivo que permite trancar ou destrancar uma porta a dist\u00e2ncia, sem aux\u00edlio da chaves.<\/p><\/div><\/div>\t\t<\/div>\n\t\t\t\t<\/div>\n\t\t\t\t\t<\/div>\n\t\t<\/div>\n\t\t\t\t<div class=\"elementor-column elementor-col-33 elementor-inner-column elementor-element elementor-element-d6a8b3c\" data-id=\"d6a8b3c\" data-element_type=\"column\" data-settings=\"{&quot;background_background&quot;:&quot;classic&quot;}\">\n\t\t\t<div class=\"elementor-widget-wrap elementor-element-populated\">\n\t\t\t\t\t\t\t\t<div class=\"elementor-element elementor-element-b527559 elementor-position-top elementor-vertical-align-top elementor-widget elementor-widget-image-box\" data-id=\"b527559\" data-element_type=\"widget\" data-widget_type=\"image-box.default\">\n\t\t\t\t<div class=\"elementor-widget-container\">\n\t\t\t<div class=\"elementor-image-box-wrapper\"><figure class=\"elementor-image-box-img\"><img decoding=\"async\" width=\"506\" height=\"295\" src=\"https:\/\/recseg.com\/wp-content\/uploads\/2021\/07\/cctv2_654665-1.jpg\" class=\"elementor-animation-pulse attachment-full size-full\" alt=\"\" style=\"width:100%;height:58.3%;max-width:506px\" \/><\/figure><div class=\"elementor-image-box-content\"><p class=\"elementor-image-box-description\">\u00c9 poss\u00edvel manter, por um valor fixo, um sistema de monitoramento, alarme e controle de acesso atualizado e que opera de maneira ideal, detalhes cruciais para a preserva\u00e7\u00e3o da integridade de todos que optarem pelo servi\u00e7o. Tamb\u00e9m trabalhamos com VENDAS de equipamentos.<\/p><\/div><\/div>\t\t<\/div>\n\t\t\t\t<\/div>\n\t\t\t\t\t<\/div>\n\t\t<\/div>\n\t\t\t\t\t\t\t<\/div>\n\t\t<\/section>\n\t\t\t\t\t<\/div>\n\t\t<\/div>\n\t\t\t\t\t\t\t<\/div>\n\t\t<\/section>\n\t\t\t\t\t\t\t<\/div>\n\t\t","protected":false},"excerpt":{"rendered":"<p>Para dar qualidade no atendimento e o perfeito funcionamento dos sistemas de seguran\u00e7a, usamos o que h\u00e1 de melhor no mercado. S\u00e3o v\u00e1rias marcas e modelos dispon\u00edveis para atender a todo o tipo de demanda, seja para aquisi\u00e7\u00e3o ou loca\u00e7\u00e3o, entre c\u00e2meras IP, Controle de Acesso, Sistema de Interfones e etc. Al\u00e9m disso, oferecemos tudo&hellip; <a class=\"more-link\" href=\"https:\/\/recseg.com\/?page_id=840\">Continue a ler <span class=\"screen-reader-text\">Produtos e Servi\u00e7os<\/span><\/a><\/p>\n","protected":false},"author":1,"featured_media":0,"parent":0,"menu_order":0,"comment_status":"closed","ping_status":"closed","template":"elementor_header_footer","meta":{"footnotes":""},"class_list":["post-840","page","type-page","status-publish","hentry","entry"],"_links":{"self":[{"href":"https:\/\/recseg.com\/index.php?rest_route=\/wp\/v2\/pages\/840","targetHints":{"allow":["GET"]}}],"collection":[{"href":"https:\/\/recseg.com\/index.php?rest_route=\/wp\/v2\/pages"}],"about":[{"href":"https:\/\/recseg.com\/index.php?rest_route=\/wp\/v2\/types\/page"}],"author":[{"embeddable":true,"href":"https:\/\/recseg.com\/index.php?rest_route=\/wp\/v2\/users\/1"}],"replies":[{"embeddable":true,"href":"https:\/\/recseg.com\/index.php?rest_route=%2Fwp%2Fv2%2Fcomments&post=840"}],"version-history":[{"count":58,"href":"https:\/\/recseg.com\/index.php?rest_route=\/wp\/v2\/pages\/840\/revisions"}],"predecessor-version":[{"id":1030,"href":"https:\/\/recseg.com\/index.php?rest_route=\/wp\/v2\/pages\/840\/revisions\/1030"}],"wp:attachment":[{"href":"https:\/\/recseg.com\/index.php?rest_route=%2Fwp%2Fv2%2Fmedia&parent=840"}],"curies":[{"name":"wp","href":"https:\/\/api.w.org\/{rel}","templated":true}]}}